{"id":991,"date":"2024-01-23T13:59:58","date_gmt":"2024-01-23T13:59:58","guid":{"rendered":"https:\/\/shop.haarstar-sabrina-peter.de\/?post_type=product&#038;p=991"},"modified":"2024-02-16T13:39:33","modified_gmt":"2024-02-16T13:39:33","slug":"pflegeanleitung","status":"publish","type":"product","link":"https:\/\/shop.haarstar-sabrina-peter.de\/?product=pflegeanleitung","title":{"rendered":"Pflegeanleitung"},"content":{"rendered":"<div>In dieser Brosch\u00fcre stehen alle Pflegeanleitungen f\u00fcr Tape-Extensions und Haartressen. Hier findest du auch n\u00fctzliche Tipps und No-Gos bei Extensions. Perfekt, um diese deinen Kunden mit nach Hause zu geben, so vermeidest du falsche Anwendungen und Reklamationen. Sicherer Umgang f\u00fcr dich und deine Kunden, im sch\u00f6nen Design mit Goldpr\u00e4gung.<\/div>\n","protected":false},"excerpt":{"rendered":"<div>In dieser Brosch\u00fcre stehen alle Pflegeanleitungen f\u00fcr Tape-Extensions und Haartressen. Hier findest du auch n\u00fctzliche Tipps und No-Gos bei Extensions. Perfekt, um diese deinen Kunden mit nach Hause zu geben, so vermeidest du falsche Anwendungen und Reklamationen. Sicherer Umgang f\u00fcr dich und deine Kunden, im sch\u00f6nen Design mit Goldpr\u00e4gung.<\/div>\n","protected":false},"featured_media":1046,"comment_status":"closed","ping_status":"closed","template":"","meta":[],"product_cat":[179],"product_tag":[],"class_list":{"0":"post-991","1":"product","2":"type-product","3":"status-publish","4":"has-post-thumbnail","6":"product_cat-salonmaterial","8":"first","9":"instock","10":"taxable","11":"shipping-taxable","12":"purchasable","13":"product-type-simple"},"_links":{"self":[{"href":"https:\/\/shop.haarstar-sabrina-peter.de\/index.php?rest_route=\/wp\/v3\/product\/991","targetHints":{"allow":["GET"]}}],"collection":[{"href":"https:\/\/shop.haarstar-sabrina-peter.de\/index.php?rest_route=\/wp\/v3\/product"}],"about":[{"href":"https:\/\/shop.haarstar-sabrina-peter.de\/index.php?rest_route=\/wp\/v2\/types\/product"}],"replies":[{"embeddable":true,"href":"https:\/\/shop.haarstar-sabrina-peter.de\/index.php?rest_route=%2Fwp%2Fv2%2Fcomments&post=991"}],"wp:featuredmedia":[{"embeddable":true,"href":"https:\/\/shop.haarstar-sabrina-peter.de\/index.php?rest_route=\/wp\/v2\/media\/1046"}],"wp:attachment":[{"href":"https:\/\/shop.haarstar-sabrina-peter.de\/index.php?rest_route=%2Fwp%2Fv2%2Fmedia&parent=991"}],"wp:term":[{"taxonomy":"product_cat","embeddable":true,"href":"https:\/\/shop.haarstar-sabrina-peter.de\/index.php?rest_route=%2Fwp%2Fv2%2Fproduct_cat&post=991"},{"taxonomy":"product_tag","embeddable":true,"href":"https:\/\/shop.haarstar-sabrina-peter.de\/index.php?rest_route=%2Fwp%2Fv2%2Fproduct_tag&post=991"}],"curies":[{"name":"wp","href":"https:\/\/api.w.org\/{rel}","templated":true}]}}