{"id":984,"date":"2024-01-23T11:24:32","date_gmt":"2024-01-23T11:24:32","guid":{"rendered":"https:\/\/shop.haarstar-sabrina-peter.de\/?post_type=product&#038;p=984"},"modified":"2024-02-27T13:00:32","modified_gmt":"2024-02-27T13:00:32","slug":"scrunchi-bride-to-be-braun","status":"publish","type":"product","link":"https:\/\/shop.haarstar-sabrina-peter.de\/?product=scrunchi-bride-to-be-braun","title":{"rendered":"Scrunchi &#8211; Bride to be (braun)"},"content":{"rendered":"<div class=\"flex flex-grow flex-col max-w-full\">\n<div class=\"min-h-[20px] text-message flex flex-col items-start gap-3 whitespace-pre-wrap break-words [.text-message+&amp;]:mt-5 overflow-x-auto\" data-message-author-role=\"assistant\" data-message-id=\"182e7577-8c5f-46dc-8bc2-fe3059b30f22\">\n<div class=\"markdown prose w-full break-words dark:prose-invert light\">\n<p>Will you help me tie the knot? Es ist mehr als nur ein Accessoire. In zartem Ros\u00e9 und Beige passt er ideal zu deinen Brautjungfern. Kreiere eine unvergessliche Hochzeitsatmosph\u00e4re mit diesen charmanten Details. Lasst uns gemeinsam den Knoten binden und die Liebe feiern. F\u00fcr sanfte Z\u00f6pfe ohne Haarbruch.<\/p>\n<p>Im 6er Pack oder einzeln erh\u00e4ltlich.<\/p>\n<\/div>\n<\/div>\n<\/div>\n<p>Farben: rosa, braun<\/p>\n","protected":false},"excerpt":{"rendered":"<p>Will you help me tie the knot? Es ist mehr als nur ein Accessoire. In zartem Ros\u00e9 und Beige passt er ideal zu deinen Brautjungfern.<\/p>\n","protected":false},"featured_media":1022,"comment_status":"closed","ping_status":"closed","template":"","meta":[],"product_cat":[103],"product_tag":[],"class_list":{"0":"post-984","1":"product","2":"type-product","3":"status-publish","4":"has-post-thumbnail","6":"product_cat-zubehoer","8":"first","9":"instock","10":"taxable","11":"shipping-taxable","12":"purchasable","13":"product-type-simple"},"_links":{"self":[{"href":"https:\/\/shop.haarstar-sabrina-peter.de\/index.php?rest_route=\/wp\/v3\/product\/984","targetHints":{"allow":["GET"]}}],"collection":[{"href":"https:\/\/shop.haarstar-sabrina-peter.de\/index.php?rest_route=\/wp\/v3\/product"}],"about":[{"href":"https:\/\/shop.haarstar-sabrina-peter.de\/index.php?rest_route=\/wp\/v2\/types\/product"}],"replies":[{"embeddable":true,"href":"https:\/\/shop.haarstar-sabrina-peter.de\/index.php?rest_route=%2Fwp%2Fv2%2Fcomments&post=984"}],"wp:featuredmedia":[{"embeddable":true,"href":"https:\/\/shop.haarstar-sabrina-peter.de\/index.php?rest_route=\/wp\/v2\/media\/1022"}],"wp:attachment":[{"href":"https:\/\/shop.haarstar-sabrina-peter.de\/index.php?rest_route=%2Fwp%2Fv2%2Fmedia&parent=984"}],"wp:term":[{"taxonomy":"product_cat","embeddable":true,"href":"https:\/\/shop.haarstar-sabrina-peter.de\/index.php?rest_route=%2Fwp%2Fv2%2Fproduct_cat&post=984"},{"taxonomy":"product_tag","embeddable":true,"href":"https:\/\/shop.haarstar-sabrina-peter.de\/index.php?rest_route=%2Fwp%2Fv2%2Fproduct_tag&post=984"}],"curies":[{"name":"wp","href":"https:\/\/api.w.org\/{rel}","templated":true}]}}