{"id":977,"date":"2024-01-23T11:13:03","date_gmt":"2024-01-23T11:13:03","guid":{"rendered":"https:\/\/shop.haarstar-sabrina-peter.de\/?post_type=product&#038;p=977"},"modified":"2024-02-27T13:24:06","modified_gmt":"2024-02-27T13:24:06","slug":"hairlicious-brush","status":"publish","type":"product","link":"https:\/\/shop.haarstar-sabrina-peter.de\/?product=hairlicious-brush","title":{"rendered":"Hairlicious Brush"},"content":{"rendered":"<p>Entdecke die Hairlicious Brush &#8211; die perfekte Erg\u00e4nzung f\u00fcr deine Extensions! Mit sanften Borsten entwirrt sie m\u00fchelos und verleiht deinem Haar einen nat\u00fcrlichen Glanz. Am Handst\u00fcck ist die B\u00fcrste mit kleinen Herzen verziert. Die leichte W\u00f6lbung erm\u00f6glicht ein angenehmes und weiches K\u00e4mmgef\u00fchl. Daher ist die Hairlicious Brush f\u00fcr alle Haartypen geeignet. Holen Sie sich jetzt die Geheimwaffe f\u00fcr traumhaft sch\u00f6nes Haar.<\/p>\n<p>Farbe: rosa<br \/>\nGemisch aus Wildschweinborsten und Nylonborsten<\/p>\n","protected":false},"excerpt":{"rendered":"<p>Entdecke die Hairlicious Brush &#8211; die perfekte Erg\u00e4nzung f\u00fcr deine Extensions!<\/p>\n","protected":false},"featured_media":1001,"comment_status":"closed","ping_status":"closed","template":"","meta":[],"product_cat":[103],"product_tag":[178],"class_list":{"0":"post-977","1":"product","2":"type-product","3":"status-publish","4":"has-post-thumbnail","6":"product_cat-zubehoer","7":"product_tag-buerste","9":"first","10":"instock","11":"taxable","12":"shipping-taxable","13":"purchasable","14":"product-type-simple"},"_links":{"self":[{"href":"https:\/\/shop.haarstar-sabrina-peter.de\/index.php?rest_route=\/wp\/v3\/product\/977","targetHints":{"allow":["GET"]}}],"collection":[{"href":"https:\/\/shop.haarstar-sabrina-peter.de\/index.php?rest_route=\/wp\/v3\/product"}],"about":[{"href":"https:\/\/shop.haarstar-sabrina-peter.de\/index.php?rest_route=\/wp\/v2\/types\/product"}],"replies":[{"embeddable":true,"href":"https:\/\/shop.haarstar-sabrina-peter.de\/index.php?rest_route=%2Fwp%2Fv2%2Fcomments&post=977"}],"wp:featuredmedia":[{"embeddable":true,"href":"https:\/\/shop.haarstar-sabrina-peter.de\/index.php?rest_route=\/wp\/v2\/media\/1001"}],"wp:attachment":[{"href":"https:\/\/shop.haarstar-sabrina-peter.de\/index.php?rest_route=%2Fwp%2Fv2%2Fmedia&parent=977"}],"wp:term":[{"taxonomy":"product_cat","embeddable":true,"href":"https:\/\/shop.haarstar-sabrina-peter.de\/index.php?rest_route=%2Fwp%2Fv2%2Fproduct_cat&post=977"},{"taxonomy":"product_tag","embeddable":true,"href":"https:\/\/shop.haarstar-sabrina-peter.de\/index.php?rest_route=%2Fwp%2Fv2%2Fproduct_tag&post=977"}],"curies":[{"name":"wp","href":"https:\/\/api.w.org\/{rel}","templated":true}]}}