{"id":963,"date":"2024-01-23T07:18:42","date_gmt":"2024-01-23T07:18:42","guid":{"rendered":"https:\/\/shop.haarstar-sabrina-peter.de\/?post_type=product&#038;p=963"},"modified":"2024-01-23T10:34:06","modified_gmt":"2024-01-23T10:34:06","slug":"big-crimper","status":"publish","type":"product","link":"https:\/\/shop.haarstar-sabrina-peter.de\/?product=big-crimper","title":{"rendered":"Big Crimper"},"content":{"rendered":"<p>F\u00fcr deinen Wow-licious Moment kreiere sanfte gro\u00dfe Wellen mit dem Big Crimper. Verleihen Sie Ihrem Haar im Handumdrehen sommerliche Beachwaves oder einen Glamour-Look mit unserem hochwertigen Big Crimper. M\u00fchelos zaubern sie lockere und nat\u00fcrliche Wellen, die den ganzen Tag halten. Mit seiner schnellen Aufheizzeit und einstellbarer Temperatur bietet dieses Styling-Tool maximale Flexibilit\u00e4t. Egal ob Sie einen l\u00e4ssigen Alltagslook oder glamour\u00f6se Wellen f\u00fcr besondere Anl\u00e4sse w\u00fcnschen, unser Big Crimper sorgt stets f\u00fcr perfekte Ergebnisse. Holen Sie sich jetzt den Beach Look und verwandeln Sie Ihr Haar in eine Welle der Sch\u00f6nheit.<\/p>\n<p>&nbsp;<\/p>\n<p><strong>Anwendung:<\/strong><\/p>\n<p>F\u00fcr den Glamour-Look die Str\u00e4hnen vorher mit Haarspray anspr\u00fchen, den Crimper zudr\u00fccken und circa 20 Sekunden halten, je nach Haarst\u00e4rke. Bei feinem Haar sollte die Temperatur etwas niedriger eingestellt werden. F\u00fcr einen nat\u00fcrlichen, l\u00e4ssigen Alltagslook beginne nicht an den Ans\u00e4tzen, sondern in den L\u00e4ngen. Die Ans\u00e4tze bleiben glatt. Gebe hinterher etwas Styling-Wax in die L\u00e4ngen.<\/p>\n<p>&nbsp;<\/p>\n<p>F\u00fcr alle Haartypen geeignet<br \/>\nLCD-Display<br \/>\n45-65 Watt<\/p>\n","protected":false},"excerpt":{"rendered":"<p>F\u00fcr deinen Wow-licious Moment kreiere sanfte gro\u00dfe Wellen mit dem Big Crimper. Verleihen Sie Ihrem Haar im Handumdrehen sommerliche Beachwaves oder einen Glamour-Look mit unserem hochwertigen Big Crimper. M\u00fchelos zaubern sie lockere und nat\u00fcrliche Wellen, die den ganzen Tag halten.<\/p>\n","protected":false},"featured_media":0,"comment_status":"closed","ping_status":"closed","template":"","meta":[],"product_cat":[103],"product_tag":[176],"class_list":{"0":"post-963","1":"product","2":"type-product","3":"status-publish","5":"product_cat-zubehoer","6":"product_tag-welleneisen","8":"first","9":"instock","10":"taxable","11":"shipping-taxable","12":"purchasable","13":"product-type-simple"},"_links":{"self":[{"href":"https:\/\/shop.haarstar-sabrina-peter.de\/index.php?rest_route=\/wp\/v3\/product\/963","targetHints":{"allow":["GET"]}}],"collection":[{"href":"https:\/\/shop.haarstar-sabrina-peter.de\/index.php?rest_route=\/wp\/v3\/product"}],"about":[{"href":"https:\/\/shop.haarstar-sabrina-peter.de\/index.php?rest_route=\/wp\/v2\/types\/product"}],"replies":[{"embeddable":true,"href":"https:\/\/shop.haarstar-sabrina-peter.de\/index.php?rest_route=%2Fwp%2Fv2%2Fcomments&post=963"}],"wp:attachment":[{"href":"https:\/\/shop.haarstar-sabrina-peter.de\/index.php?rest_route=%2Fwp%2Fv2%2Fmedia&parent=963"}],"wp:term":[{"taxonomy":"product_cat","embeddable":true,"href":"https:\/\/shop.haarstar-sabrina-peter.de\/index.php?rest_route=%2Fwp%2Fv2%2Fproduct_cat&post=963"},{"taxonomy":"product_tag","embeddable":true,"href":"https:\/\/shop.haarstar-sabrina-peter.de\/index.php?rest_route=%2Fwp%2Fv2%2Fproduct_tag&post=963"}],"curies":[{"name":"wp","href":"https:\/\/api.w.org\/{rel}","templated":true}]}}