{"id":938,"date":"2023-09-04T10:55:45","date_gmt":"2023-09-04T10:55:45","guid":{"rendered":"https:\/\/shop.haarstar-sabrina-peter.de\/?post_type=product&#038;p=938"},"modified":"2024-01-23T10:38:17","modified_gmt":"2024-01-23T10:38:17","slug":"microringe-weiss","status":"publish","type":"product","link":"https:\/\/shop.haarstar-sabrina-peter.de\/?product=microringe-weiss","title":{"rendered":"Microringe wei\u00df (1000 St\u00fcck)"},"content":{"rendered":"<p>In den Ringen befindet sich eine Silikonh\u00fclle um das Haar zu sch\u00fctzen. Die Ringe werden ben\u00f6tigt f\u00fcr die Anbringung von Haartressen. Daf\u00fcr gibt es verschiedene Methoden.<\/p>\n<p>Zum Befestigen der Microringe wird eine Zange ben\u00f6tigt. Um ein sch\u00f6nes Ergebnis zu erzielen, empfiehlt es sich, die Ringe der Ansatzfarbe oder der Tresse anzupassen.<\/p>\n","protected":false},"excerpt":{"rendered":"<p>In den Ringen befindet sich eine Silikonh\u00fclle um das Haar zu sch\u00fctzen. Die Ringe werden ben\u00f6tigt f\u00fcr die Anbringung von Haartressen. Daf\u00fcr gibt es verschiedene Methoden.<\/p>\n","protected":false},"featured_media":939,"comment_status":"closed","ping_status":"closed","template":"","meta":[],"product_cat":[103],"product_tag":[170],"class_list":{"0":"post-938","1":"product","2":"type-product","3":"status-publish","4":"has-post-thumbnail","6":"product_cat-zubehoer","7":"product_tag-microringe","9":"first","10":"instock","11":"taxable","12":"shipping-taxable","13":"purchasable","14":"product-type-simple"},"_links":{"self":[{"href":"https:\/\/shop.haarstar-sabrina-peter.de\/index.php?rest_route=\/wp\/v3\/product\/938","targetHints":{"allow":["GET"]}}],"collection":[{"href":"https:\/\/shop.haarstar-sabrina-peter.de\/index.php?rest_route=\/wp\/v3\/product"}],"about":[{"href":"https:\/\/shop.haarstar-sabrina-peter.de\/index.php?rest_route=\/wp\/v2\/types\/product"}],"replies":[{"embeddable":true,"href":"https:\/\/shop.haarstar-sabrina-peter.de\/index.php?rest_route=%2Fwp%2Fv2%2Fcomments&post=938"}],"wp:featuredmedia":[{"embeddable":true,"href":"https:\/\/shop.haarstar-sabrina-peter.de\/index.php?rest_route=\/wp\/v2\/media\/939"}],"wp:attachment":[{"href":"https:\/\/shop.haarstar-sabrina-peter.de\/index.php?rest_route=%2Fwp%2Fv2%2Fmedia&parent=938"}],"wp:term":[{"taxonomy":"product_cat","embeddable":true,"href":"https:\/\/shop.haarstar-sabrina-peter.de\/index.php?rest_route=%2Fwp%2Fv2%2Fproduct_cat&post=938"},{"taxonomy":"product_tag","embeddable":true,"href":"https:\/\/shop.haarstar-sabrina-peter.de\/index.php?rest_route=%2Fwp%2Fv2%2Fproduct_tag&post=938"}],"curies":[{"name":"wp","href":"https:\/\/api.w.org\/{rel}","templated":true}]}}