{"id":934,"date":"2023-09-04T10:55:45","date_gmt":"2023-09-04T10:55:45","guid":{"rendered":"https:\/\/shop.haarstar-sabrina-peter.de\/?post_type=product&#038;p=934"},"modified":"2024-02-26T12:04:49","modified_gmt":"2024-02-26T12:04:49","slug":"klebestreifen","status":"publish","type":"product","link":"https:\/\/shop.haarstar-sabrina-peter.de\/?product=klebestreifen","title":{"rendered":"Klebestreifen"},"content":{"rendered":"<p>Die Hairlicious Re-Tapes sind perfekt auf unsere Tape Extensions abgestimmt, mit einer Gr\u00f6\u00dfe von 0,8 cm x 4 cm. In der Verpackung befinden sich 5 Bl\u00e4tter mit jeweils 12 Streifen. Die Packung reicht f\u00fcr 30 fertige Str\u00e4hnen oder 60 einzelne Extensions-Str\u00e4hnen.<br \/>\nZum Retapen ben\u00f6tigt man immer 2 Extensions-Str\u00e4hnen, um ein Sandwich zu kleben. L\u00f6se zum Retapen die Extensions im Haar mit einem alkoholischen L\u00f6sungsmittel. Entferne dann den alten Kleber r\u00fcckstandslos von der Str\u00e4hne. Der Kleber kann ohne L\u00f6sung vom Tape abgezogen werden. Die Extensions-Str\u00e4hne sollte sauber und trocken sein, bevor du das neue Tape aufklebst. Bevor du die Re-Tapes vom Blatt l\u00f6st, falte sie einmal in der Mitte, um sie besser l\u00f6sen zu k\u00f6nnen.<br \/>\nNach dem Einsetzen von Tape Extensions solltest du deine Haare 48 Stunden lang nicht waschen. Es empfiehlt sich, vor dem Einsetzen der Extensions die Haare mit einem Reinigungsshampoo zu waschen, um alle R\u00fcckst\u00e4nde vom Haar zu entfernen. Bitte beachte, dass \u00d6le, Fette und Talg die Tape Extensions l\u00f6sen k\u00f6nnen. Auch falsche Produkte k\u00f6nnen die Tapes l\u00f6sen. Am besten verwendest du Extensions-Produkte, um eine lange Haltbarkeit zu gew\u00e4hrleisten.<\/p>\n","protected":false},"excerpt":{"rendered":"<p>Die Hairlicious Re-Tapes sind perfekt auf unsere Tape Extensions abgestimmt.<\/p>\n","protected":false},"featured_media":1037,"comment_status":"closed","ping_status":"closed","template":"","meta":[],"product_cat":[103],"product_tag":[169],"class_list":{"0":"post-934","1":"product","2":"type-product","3":"status-publish","4":"has-post-thumbnail","6":"product_cat-zubehoer","7":"product_tag-klebestreifen","9":"first","10":"instock","11":"taxable","12":"shipping-taxable","13":"purchasable","14":"product-type-simple"},"_links":{"self":[{"href":"https:\/\/shop.haarstar-sabrina-peter.de\/index.php?rest_route=\/wp\/v3\/product\/934","targetHints":{"allow":["GET"]}}],"collection":[{"href":"https:\/\/shop.haarstar-sabrina-peter.de\/index.php?rest_route=\/wp\/v3\/product"}],"about":[{"href":"https:\/\/shop.haarstar-sabrina-peter.de\/index.php?rest_route=\/wp\/v2\/types\/product"}],"replies":[{"embeddable":true,"href":"https:\/\/shop.haarstar-sabrina-peter.de\/index.php?rest_route=%2Fwp%2Fv2%2Fcomments&post=934"}],"wp:featuredmedia":[{"embeddable":true,"href":"https:\/\/shop.haarstar-sabrina-peter.de\/index.php?rest_route=\/wp\/v2\/media\/1037"}],"wp:attachment":[{"href":"https:\/\/shop.haarstar-sabrina-peter.de\/index.php?rest_route=%2Fwp%2Fv2%2Fmedia&parent=934"}],"wp:term":[{"taxonomy":"product_cat","embeddable":true,"href":"https:\/\/shop.haarstar-sabrina-peter.de\/index.php?rest_route=%2Fwp%2Fv2%2Fproduct_cat&post=934"},{"taxonomy":"product_tag","embeddable":true,"href":"https:\/\/shop.haarstar-sabrina-peter.de\/index.php?rest_route=%2Fwp%2Fv2%2Fproduct_tag&post=934"}],"curies":[{"name":"wp","href":"https:\/\/api.w.org\/{rel}","templated":true}]}}