{"id":894,"date":"2023-08-24T10:50:58","date_gmt":"2023-08-24T10:50:58","guid":{"rendered":"https:\/\/shop.haarstar-sabrina-peter.de\/?post_type=product&#038;p=894"},"modified":"2024-02-16T13:30:00","modified_gmt":"2024-02-16T13:30:00","slug":"hairlicious-ponytails-dark-brown","status":"publish","type":"product","link":"https:\/\/shop.haarstar-sabrina-peter.de\/?product=hairlicious-ponytails-dark-brown","title":{"rendered":"Hairlicious Ponytails Dark Brown"},"content":{"rendered":"<p>Unsere Hairlicious Tressen erm\u00f6glichen dir eine tolle Haarpracht ohne Kleber und Hitze. Die Tressen werden einfach mit dem Eingenhaar vern\u00e4ht &#8211; keine geflochtene Zopftechnik. Die Hairlicious Tressentechnik ist auch f\u00fcr feines Haar geeignet &#8211; Styling und strenge Z\u00f6pfe sind gar kein Problem.<\/p>\n<p>Um lange Freude an deinen Extensions zu haben, findest du auf unserem Blog wichtige Informationen im Umgang mit deiner Haarverl\u00e4ngerung, welche Technik f\u00fcr dich geeignet ist und die richtigen Pflege- &amp; Stylingstipps. Wende dich f\u00fcr das beste Ergebnis zum einarbeiten der Extensions an einen Spezialisten.<\/p>\n","protected":false},"excerpt":{"rendered":"<p>Unsere Hairlicious Tressen erm\u00f6glichen dir eine tolle Haarpracht ohne Kleber und Hitze. Die Tressen werden einfach mit dem Eingenhaar vern\u00e4ht &#8211; keine geflochtene Zopftechnik. Die Hairlicious Tressentechnik ist auch f\u00fcr feines Haar geeignet &#8211; Styling und strenge Z\u00f6pfe sind gar kein Problem.<\/p>\n","protected":false},"featured_media":1042,"comment_status":"open","ping_status":"closed","template":"","meta":[],"product_cat":[148],"product_tag":[151],"class_list":{"0":"post-894","1":"product","2":"type-product","3":"status-publish","4":"has-post-thumbnail","6":"product_cat-ponytails","7":"product_tag-dark-brown","9":"first","10":"instock","11":"taxable","12":"shipping-taxable","13":"purchasable","14":"product-type-variable"},"_links":{"self":[{"href":"https:\/\/shop.haarstar-sabrina-peter.de\/index.php?rest_route=\/wp\/v3\/product\/894","targetHints":{"allow":["GET"]}}],"collection":[{"href":"https:\/\/shop.haarstar-sabrina-peter.de\/index.php?rest_route=\/wp\/v3\/product"}],"about":[{"href":"https:\/\/shop.haarstar-sabrina-peter.de\/index.php?rest_route=\/wp\/v2\/types\/product"}],"replies":[{"embeddable":true,"href":"https:\/\/shop.haarstar-sabrina-peter.de\/index.php?rest_route=%2Fwp%2Fv2%2Fcomments&post=894"}],"wp:featuredmedia":[{"embeddable":true,"href":"https:\/\/shop.haarstar-sabrina-peter.de\/index.php?rest_route=\/wp\/v2\/media\/1042"}],"wp:attachment":[{"href":"https:\/\/shop.haarstar-sabrina-peter.de\/index.php?rest_route=%2Fwp%2Fv2%2Fmedia&parent=894"}],"wp:term":[{"taxonomy":"product_cat","embeddable":true,"href":"https:\/\/shop.haarstar-sabrina-peter.de\/index.php?rest_route=%2Fwp%2Fv2%2Fproduct_cat&post=894"},{"taxonomy":"product_tag","embeddable":true,"href":"https:\/\/shop.haarstar-sabrina-peter.de\/index.php?rest_route=%2Fwp%2Fv2%2Fproduct_tag&post=894"}],"curies":[{"name":"wp","href":"https:\/\/api.w.org\/{rel}","templated":true}]}}