{"id":830,"date":"2023-08-24T10:50:58","date_gmt":"2023-08-24T10:50:58","guid":{"rendered":"https:\/\/shop.haarstar-sabrina-peter.de\/?post_type=product&#038;p=830"},"modified":"2024-01-23T07:08:28","modified_gmt":"2024-01-23T07:08:28","slug":"hairlicious-tapes-cool-brown","status":"publish","type":"product","link":"https:\/\/shop.haarstar-sabrina-peter.de\/?product=hairlicious-tapes-cool-brown","title":{"rendered":"Hairlicious Tapes Cool Brown"},"content":{"rendered":"<div>Erhalten Sie m\u00fchelos langes, volles und wundersch\u00f6nes Haar mit unseren hochwertigen Tape-In Haarverl\u00e4ngerungen. Unsere Haarverl\u00e4ngerungen sind die perfekte L\u00f6sung, um Ihrem Haar in k\u00fcrzester Zeit mehr L\u00e4nge und Volumen zu verleihen, ohne dabei Kompromisse bei der Nat\u00fcrlichkeit einzugehen. Die Tape-In-Methode ist bekannt f\u00fcr ihre Einfachheit und den sanften Umgang mit Ihrem eigenen Haar. Die Extensions bestehen aus 100 % Echthaar h\u00f6chster Qualit\u00e4t, das sich nahtlos in Ihre nat\u00fcrliche Haarstruktur einf\u00fcgt. Dank des innovativen Klebesystems lassen sich die Verl\u00e4ngerungen sicher und diskret anbringen, ohne dass zus\u00e4tzliche Werkzeuge oder Hitze erforderlich sind. Dies minimiert jegliche Sch\u00e4digung Ihres eigenen Haares. Unsere Tape-In Haarverl\u00e4ngerungen bieten eine lange Haltbarkeit und k\u00f6nnen mehrmals wiederverwendet werden. Alle 8 Wochen sollten Sie die Tapes wieder hochsetzen und ein neues Tapeband an der Str\u00e4hne anbringen. Sie passen sich Ihrem Alltag perfekt an, sei es im B\u00fcro, beim Sport oder in besonderen Anl\u00e4ssen. Stylen Sie die Verl\u00e4ngerungen genauso, wie Sie es mit Ihrem eigenen Haar tun w\u00fcrden \u2013 f\u00f6hnen, gl\u00e4tten, locken \u2013 Ihrer Kreativit\u00e4t sind keine Grenzen gesetzt.<\/div>\n<div>Egal, ob Sie nach einer dramatischen Ver\u00e4nderung suchen oder nur subtile Akzente setzen m\u00f6chten, unsere Tape-In Haarverl\u00e4ngerungen bieten die Flexibilit\u00e4t und Qualit\u00e4t, die Sie verdienen. Erleben Sie sofortige Transformation und ein neues Selbstbewusstsein mit unseren Tape-In-Haarverl\u00e4ngerungen. Bestellen Sie noch heute und genie\u00dfen Sie atemberaubendes Haar in wenigen Minuten.<\/div>\n<div><\/div>\n<div><strong>Anwendung:<\/strong><\/div>\n<div>1 Tape ist 4 cm mit jeweils 2,5 Gramm &#8211; f\u00fcr eine komplette Str\u00e4hne ben\u00f6tigt man 2 Tapes, f\u00fcr eine Verdichtung ben\u00f6tigt man 10 Str\u00e4hnen (20 Tapes) = 50 Gramm, 20 Str\u00e4hnen (40 Tapes) = 100 Gramm. Feines Haar ben\u00f6tigt 50 Gramm, normales Haar 100 \u2013 150 Gramm. F\u00fcr eine Verl\u00e4ngerung 20 Str\u00e4hnen (40 Tapes) 100 Gramm, 25 Str\u00e4hnen (50 Tapes) 150 Gramm, 30 Str\u00e4hnen (60 Tapes) 200 Gramm. Feines Haar ben\u00f6tigt 100 Gramm, feines bis normales Haar 150 Gramm, dickes Haar 200 Gramm.<\/div>\n<div>Vor dem Einsetzen bitte die Haare mit einem Tiefenreinigungsshampoo waschen, um das Haar von Stylingresten, \u00d6len und Fetten zu befreien. Es werden jeweils 2 Tapes am Eigenhaar befestigt, somit erh\u00e4ltst du 1 fertige Str\u00e4hne. Achten Sie beim Einsetzen darauf, dass Ihre Konturen und Nackenbereiche frei bleiben.<\/div>\n<div><\/div>\n<div>Zum L\u00f6sen der Extensions bitte einen alkoholischen L\u00f6ser verwenden. Wenn Sie die Str\u00e4hnen wieder einsetzen m\u00f6chten, l\u00f6sen Sie das alte Tape vollst\u00e4ndig ab. Anschlie\u00dfend k\u00f6nnen diese mit den Hairlicious Stripes neu beklebt werden. Infos<\/div>\n<div><\/div>\n<div>Unsere Extensions sind 100 % Echthaar und voll bis zu den Spitzen. Sie werden mit h\u00f6chster Sorgfalt und schonender Herstellungstechniken gefertigt, um sicherzustellen, dass sie nicht nur von herausragender Qualit\u00e4t sind, sondern auch die Gesundheit ihrer Haare respektieren. Ein wichtiger Schritt in unserem Herstellungsprozess ist das sanfte Bleichen der Haare, um diese dann in der gew\u00fcnschten Nuance zu f\u00e4rben.<\/div>\n<div><\/div>\n<div><strong>Qualit\u00e4tsgarantie:<\/strong><\/div>\n<div>Wir versprechen, dass unsere Extensions 3 Monate tragbar sind unter der Voraussetzung, dass unsere Pflegehinweise eingehalten werden und die Extensions nicht chemisch behandelt werden.<\/div>\n<div><\/div>\n<div>Dass sich Extensions mit der Zeit abnutzen, ist ein ganz normaler Prozess. Durch Salz, Chlor, Hitze, B\u00fcrsten, Haare stylen nutzen sich die Haare ab und die Spitzen werden d\u00fcnner, so wie auch im Eigenhaar. Daher ist es besonders wichtig, alle Pflegehinweise einzuhalten und das Pflegeset direkt mitzubestellen.<\/div>\n<div><\/div>\n<div><strong>Zum Einsetzen ben\u00f6tigst du folgende Produkte:<\/strong><\/div>\n<div>&#8211; Stielkamm<\/div>\n<div>&#8211; Abteilklammern<\/div>\n<div>&#8211; Tiefenreinigungsshampoo<\/div>\n<div>&#8211; Pflegeset mit Shampoo und Conditioner f\u00fcr die n\u00e4chste Haarw\u00e4sche<\/div>\n<div>&#8211; Tapes<\/div>\n","protected":false},"excerpt":{"rendered":"<div>Erhalten Sie m\u00fchelos langes, volles und wundersch\u00f6nes Haar mit unseren hochwertigen Tape-In Haarverl\u00e4ngerungen. Unsere Haarverl\u00e4ngerungen sind die perfekte L\u00f6sung, um Ihrem Haar in k\u00fcrzester Zeit mehr L\u00e4nge und Volumen zu verleihen, ohne dabei Kompromisse bei der Nat\u00fcrlichkeit einzugehen.<\/div>\n","protected":false},"featured_media":835,"comment_status":"open","ping_status":"closed","template":"","meta":[],"product_cat":[101],"product_tag":[153],"class_list":{"0":"post-830","1":"product","2":"type-product","3":"status-publish","4":"has-post-thumbnail","6":"product_cat-tapes","7":"product_tag-cool-brown","9":"first","10":"instock","11":"taxable","12":"shipping-taxable","13":"purchasable","14":"product-type-variable"},"_links":{"self":[{"href":"https:\/\/shop.haarstar-sabrina-peter.de\/index.php?rest_route=\/wp\/v3\/product\/830","targetHints":{"allow":["GET"]}}],"collection":[{"href":"https:\/\/shop.haarstar-sabrina-peter.de\/index.php?rest_route=\/wp\/v3\/product"}],"about":[{"href":"https:\/\/shop.haarstar-sabrina-peter.de\/index.php?rest_route=\/wp\/v2\/types\/product"}],"replies":[{"embeddable":true,"href":"https:\/\/shop.haarstar-sabrina-peter.de\/index.php?rest_route=%2Fwp%2Fv2%2Fcomments&post=830"}],"wp:featuredmedia":[{"embeddable":true,"href":"https:\/\/shop.haarstar-sabrina-peter.de\/index.php?rest_route=\/wp\/v2\/media\/835"}],"wp:attachment":[{"href":"https:\/\/shop.haarstar-sabrina-peter.de\/index.php?rest_route=%2Fwp%2Fv2%2Fmedia&parent=830"}],"wp:term":[{"taxonomy":"product_cat","embeddable":true,"href":"https:\/\/shop.haarstar-sabrina-peter.de\/index.php?rest_route=%2Fwp%2Fv2%2Fproduct_cat&post=830"},{"taxonomy":"product_tag","embeddable":true,"href":"https:\/\/shop.haarstar-sabrina-peter.de\/index.php?rest_route=%2Fwp%2Fv2%2Fproduct_tag&post=830"}],"curies":[{"name":"wp","href":"https:\/\/api.w.org\/{rel}","templated":true}]}}