{"id":695,"date":"2023-08-14T12:55:05","date_gmt":"2023-08-14T12:55:05","guid":{"rendered":"https:\/\/shop.haarstar-sabrina-peter.de\/?post_type=product&#038;p=695"},"modified":"2024-01-23T06:52:40","modified_gmt":"2024-01-23T06:52:40","slug":"hairlicious-tresse-black","status":"publish","type":"product","link":"https:\/\/shop.haarstar-sabrina-peter.de\/?product=hairlicious-tresse-black","title":{"rendered":"Hairlicious Tresse Black"},"content":{"rendered":"<p>Entdecken Sie die Geheimwaffe f\u00fcr sofortiges, atemberaubendes Haar. Unsere Hairlicious Tressen sind aus 100 % Echthaar und f\u00fcgen sich perfekt in ihre eigenen Str\u00e4hnen ein und sorgen in kurzer Zeit f\u00fcr extra L\u00e4nge und Volumen. Einfach einzusetzen und zu stylen, bieten sie endlose M\u00f6glichkeiten f\u00fcr neue Frisuren. Eine sch\u00f6ne Frisur kann Ihr Selbstbewusstsein und Ihr Wohlbefinden steigern. Mit unseren Tressen k\u00f6nnen Sie jeden Tag gro\u00dfartig aussehen und sich gro\u00dfartig f\u00fchlen.<\/p>\n<p>Unsere Tressen sind doppelt vern\u00e4ht und voll bis zu den Spitzen. Diese k\u00f6nnen beliebig zugeschnitten werden. Selbst feines Haar wird liebevoll von unseren Tressen umh\u00fcllt, ohne es zu belasten. Verabschieden Sie sich von d\u00fcnnem oder kurzem Haar &#8211; erleben Sie mit unseren Extensions Ihr Haar in voller Pracht. G\u00f6nnen Sie sich das Vergn\u00fcgen. Von Haartressen, die nicht nur gut aussehen, sondern sich auch gro\u00dfartig anf\u00fchlen.<\/p>\n<p>Anwendung:<br \/>\nDie Haartressen k\u00f6nnen mit einer speziellen Weaving-Methode oder der Microring-Methode angebracht werden. Wir empfehlen, dieses von einem Spezialisten einarbeiten zu lassen. Dazu bieten wir auch Seminare an.<br \/>\nAlle 8 \u2013 10 Wochen m\u00fcssen Haartressen wieder hochgesetzt werden. Bei Einhaltung der Pflegehinweise werden die Haartressen circa 6 Monate Freude bereiten.<\/p>\n<p>F\u00fcr eine Verdichtung ben\u00f6tigt man zwischen 50 und 100 Gramm.<br \/>\nF\u00fcr eine Verl\u00e4ngerung bei sehr feinen Haaren 100 -150 Gramm, bei durchschnittlichem Haar 150 -200 Gramm und bei sehr vielen Haaren 200-250 Gramm.<\/p>\n<p>Dieses Zubeh\u00f6r ben\u00f6tigst du zum Einarbeiten:<br \/>\nFaden, Microringe, Zange, Loop, Schere, Spangen und einen Stielkamm und Haargummis.<\/p>\n<p>Pflegeset f\u00fcr die n\u00e4chste Haarw\u00e4sche:<br \/>\nShampoo, Conditioner, Argan\u00f6l<\/p>\n","protected":false},"excerpt":{"rendered":"<p>Entdecken Sie die Geheimwaffe f\u00fcr sofortiges, atemberaubendes Haar. Unsere Hairlicious Tressen sind aus 100 % Echthaar und f\u00fcgen sich perfekt in ihre eigenen Str\u00e4hnen ein und sorgen in kurzer Zeit f\u00fcr extra L\u00e4nge und Volumen. Einfach einzusetzen und zu stylen, bieten sie endlose M\u00f6glichkeiten f\u00fcr neue Frisuren. Eine sch\u00f6ne Frisur kann Ihr Selbstbewusstsein und Ihr Wohlbefinden steigern. Mit unseren Tressen k\u00f6nnen Sie jeden Tag gro\u00dfartig aussehen und sich gro\u00dfartig f\u00fchlen.<\/p>\n","protected":false},"featured_media":700,"comment_status":"open","ping_status":"closed","template":"","meta":[],"product_cat":[89],"product_tag":[150],"class_list":{"0":"post-695","1":"product","2":"type-product","3":"status-publish","4":"has-post-thumbnail","6":"product_cat-tressen","7":"product_tag-black","9":"first","10":"instock","11":"taxable","12":"shipping-taxable","13":"purchasable","14":"product-type-variable"},"_links":{"self":[{"href":"https:\/\/shop.haarstar-sabrina-peter.de\/index.php?rest_route=\/wp\/v3\/product\/695","targetHints":{"allow":["GET"]}}],"collection":[{"href":"https:\/\/shop.haarstar-sabrina-peter.de\/index.php?rest_route=\/wp\/v3\/product"}],"about":[{"href":"https:\/\/shop.haarstar-sabrina-peter.de\/index.php?rest_route=\/wp\/v2\/types\/product"}],"replies":[{"embeddable":true,"href":"https:\/\/shop.haarstar-sabrina-peter.de\/index.php?rest_route=%2Fwp%2Fv2%2Fcomments&post=695"}],"wp:featuredmedia":[{"embeddable":true,"href":"https:\/\/shop.haarstar-sabrina-peter.de\/index.php?rest_route=\/wp\/v2\/media\/700"}],"wp:attachment":[{"href":"https:\/\/shop.haarstar-sabrina-peter.de\/index.php?rest_route=%2Fwp%2Fv2%2Fmedia&parent=695"}],"wp:term":[{"taxonomy":"product_cat","embeddable":true,"href":"https:\/\/shop.haarstar-sabrina-peter.de\/index.php?rest_route=%2Fwp%2Fv2%2Fproduct_cat&post=695"},{"taxonomy":"product_tag","embeddable":true,"href":"https:\/\/shop.haarstar-sabrina-peter.de\/index.php?rest_route=%2Fwp%2Fv2%2Fproduct_tag&post=695"}],"curies":[{"name":"wp","href":"https:\/\/api.w.org\/{rel}","templated":true}]}}