{"id":1055,"date":"2024-02-27T12:51:44","date_gmt":"2024-02-27T12:51:44","guid":{"rendered":"https:\/\/shop.haarstar-sabrina-peter.de\/?post_type=product&#038;p=1055"},"modified":"2024-02-27T12:55:33","modified_gmt":"2024-02-27T12:55:33","slug":"scrunchi-time-to-sparkle-rosa","status":"publish","type":"product","link":"https:\/\/shop.haarstar-sabrina-peter.de\/?product=scrunchi-time-to-sparkle-rosa","title":{"rendered":"Scrunchi &#8211; Time to Sparkle (rosa)"},"content":{"rendered":"<p>Setze ein funkelndes Statement mit unseren Glitter Scrunchies. Die perfekte Erg\u00e4nzung zu jedem Look, von elegant bis l\u00e4ssig. Die Scrunchies sind aus Satin, am Rand mit funkelnden Glitzersteinchen. Lass dein Haar strahlen und erg\u00e4nze deinen Style mit einem Scrunchie der Glanz und Glamour vereint. Entdecke die Magie von &#8211; Time to sparkle &#8211; denn jedes Detail z\u00e4hlt. F\u00fcr sanfte Haarstylings ohne Haarbruch.<\/p>\n<p>Farben: rosa, schwarz<\/p>\n","protected":false},"excerpt":{"rendered":"<p>Setze ein funkelndes Statement mit unseren Glitter Scrunchies. Die perfekte Erg\u00e4nzung zu jedem Look, von elegant bis l\u00e4ssig.<\/p>\n","protected":false},"featured_media":1022,"comment_status":"closed","ping_status":"closed","template":"","meta":[],"product_cat":[103],"product_tag":[],"class_list":{"0":"post-1055","1":"product","2":"type-product","3":"status-publish","4":"has-post-thumbnail","6":"product_cat-zubehoer","8":"first","9":"instock","10":"taxable","11":"shipping-taxable","12":"purchasable","13":"product-type-simple"},"_links":{"self":[{"href":"https:\/\/shop.haarstar-sabrina-peter.de\/index.php?rest_route=\/wp\/v3\/product\/1055","targetHints":{"allow":["GET"]}}],"collection":[{"href":"https:\/\/shop.haarstar-sabrina-peter.de\/index.php?rest_route=\/wp\/v3\/product"}],"about":[{"href":"https:\/\/shop.haarstar-sabrina-peter.de\/index.php?rest_route=\/wp\/v2\/types\/product"}],"replies":[{"embeddable":true,"href":"https:\/\/shop.haarstar-sabrina-peter.de\/index.php?rest_route=%2Fwp%2Fv2%2Fcomments&post=1055"}],"wp:featuredmedia":[{"embeddable":true,"href":"https:\/\/shop.haarstar-sabrina-peter.de\/index.php?rest_route=\/wp\/v2\/media\/1022"}],"wp:attachment":[{"href":"https:\/\/shop.haarstar-sabrina-peter.de\/index.php?rest_route=%2Fwp%2Fv2%2Fmedia&parent=1055"}],"wp:term":[{"taxonomy":"product_cat","embeddable":true,"href":"https:\/\/shop.haarstar-sabrina-peter.de\/index.php?rest_route=%2Fwp%2Fv2%2Fproduct_cat&post=1055"},{"taxonomy":"product_tag","embeddable":true,"href":"https:\/\/shop.haarstar-sabrina-peter.de\/index.php?rest_route=%2Fwp%2Fv2%2Fproduct_tag&post=1055"}],"curies":[{"name":"wp","href":"https:\/\/api.w.org\/{rel}","templated":true}]}}