{"id":514,"date":"2020-07-20T08:26:22","date_gmt":"2020-07-20T08:26:22","guid":{"rendered":"https:\/\/restoration.fuelthemes.net\/?page_id=165"},"modified":"2023-03-23T10:19:10","modified_gmt":"2023-03-23T10:19:10","slug":"masterclass","status":"publish","type":"page","link":"https:\/\/shop.haarstar-sabrina-peter.de\/?page_id=514","title":{"rendered":"Masterclass"},"content":{"rendered":"\n<div style=\"height:30px\" aria-hidden=\"true\" class=\"wp-block-spacer\"><\/div>\n\n\n<div class=\"wp-block-image\">\n<figure class=\"aligncenter size-full\"><img loading=\"lazy\" decoding=\"async\" width=\"1024\" height=\"525\" src=\"https:\/\/shop.haarstar-sabrina-peter.de\/wp-content\/uploads\/2023\/03\/haarstar-shop-masterclasses.jpg\" alt=\"\" class=\"wp-image-657\" srcset=\"https:\/\/shop.haarstar-sabrina-peter.de\/wp-content\/uploads\/2023\/03\/haarstar-shop-masterclasses.jpg 1024w, https:\/\/shop.haarstar-sabrina-peter.de\/wp-content\/uploads\/2023\/03\/haarstar-shop-masterclasses-600x308.jpg 600w, https:\/\/shop.haarstar-sabrina-peter.de\/wp-content\/uploads\/2023\/03\/haarstar-shop-masterclasses-300x154.jpg 300w, https:\/\/shop.haarstar-sabrina-peter.de\/wp-content\/uploads\/2023\/03\/haarstar-shop-masterclasses-768x394.jpg 768w, https:\/\/shop.haarstar-sabrina-peter.de\/wp-content\/uploads\/2023\/03\/haarstar-shop-masterclasses-20x10.jpg 20w\" sizes=\"auto, (max-width: 1024px) 100vw, 1024px\" \/><\/figure>\n<\/div>\n\n\n<div style=\"height:80px\" aria-hidden=\"true\" class=\"wp-block-spacer\"><\/div>\n\n\n\n<div class=\"wp-block-columns is-layout-flex wp-container-core-columns-is-layout-9d6595d7 wp-block-columns-is-layout-flex\">\n<div class=\"wp-block-column is-layout-flow wp-block-column-is-layout-flow\" style=\"flex-basis:25%\"><\/div>\n\n\n\n<div class=\"wp-block-column is-layout-flow wp-block-column-is-layout-flow\" style=\"flex-basis:70%\">\n<h2 class=\"has-text-align-center wp-block-heading\" style=\"text-transform:uppercase\">Buche jetzt deine Masterclass<br>f\u00fcr dich oder als gesamtes Team<\/h2>\n\n\n\n<p class=\"has-text-align-center\">Tressen erobern die Welt der Extensions, aber auch Tapes sind gefragt wie nie zuvor. Wir zeigen euch unsere Hairlicious Tressentechnik, die einzigartig ist und mit der ihr in nur zwei Stunden bis zu 1000 \u20ac verdienen k\u00f6nnt. Bist du also bereit f\u00fcr etwas Neues? Sei einer der ersten und biete deinen Kunden diese Technik an. Nat\u00fcrlich kannst du bei uns auch erlernen, Extensions mit der Tape-Methode zu verarbeiten. Wir freuen uns darauf, dich kennenzulernen und unser Know-how mit dir teilen zu d\u00fcrfen. <\/p>\n<\/div>\n\n\n\n<div class=\"wp-block-column is-layout-flow wp-block-column-is-layout-flow\" style=\"flex-basis:25%\"><\/div>\n<\/div>\n\n\n\n<div class=\"wp-block-buttons is-content-justification-center is-layout-flex wp-container-core-buttons-is-layout-16018d1d wp-block-buttons-is-layout-flex\">\n<div class=\"wp-block-button has-custom-font-size has-small-font-size\" style=\"text-transform:uppercase\"><a class=\"wp-block-button__link has-background wp-element-button\" href=\"https:\/\/haarstar-sabrina-peter.de\/masterclass\/\" style=\"background-color:#f59cb8\" target=\"_blank\" rel=\"noreferrer noopener\">Jetzt Buchen<\/a><\/div>\n<\/div>\n","protected":false},"excerpt":{"rendered":"<p>Buche jetzt deine Masterclassf\u00fcr dich oder als gesamtes Team Tressen erobern die Welt der Extensions, aber auch Tapes sind gefragt wie nie zuvor. Wir zeigen euch unsere Hairlicious Tressentechnik, die einzigartig ist und mit der ihr in nur zwei Stunden bis zu 1000 \u20ac verdienen k\u00f6nnt. Bist du also bereit f\u00fcr etwas Neues? Sei einer&hellip;<\/p>\n","protected":false},"author":1,"featured_media":0,"parent":0,"menu_order":0,"comment_status":"closed","ping_status":"closed","template":"","meta":{"footnotes":""},"class_list":["post-514","page","type-page","status-publish","hentry"],"_links":{"self":[{"href":"https:\/\/shop.haarstar-sabrina-peter.de\/index.php?rest_route=\/wp\/v2\/pages\/514","targetHints":{"allow":["GET"]}}],"collection":[{"href":"https:\/\/shop.haarstar-sabrina-peter.de\/index.php?rest_route=\/wp\/v2\/pages"}],"about":[{"href":"https:\/\/shop.haarstar-sabrina-peter.de\/index.php?rest_route=\/wp\/v2\/types\/page"}],"author":[{"embeddable":true,"href":"https:\/\/shop.haarstar-sabrina-peter.de\/index.php?rest_route=\/wp\/v2\/users\/1"}],"replies":[{"embeddable":true,"href":"https:\/\/shop.haarstar-sabrina-peter.de\/index.php?rest_route=%2Fwp%2Fv2%2Fcomments&post=514"}],"version-history":[{"count":7,"href":"https:\/\/shop.haarstar-sabrina-peter.de\/index.php?rest_route=\/wp\/v2\/pages\/514\/revisions"}],"predecessor-version":[{"id":676,"href":"https:\/\/shop.haarstar-sabrina-peter.de\/index.php?rest_route=\/wp\/v2\/pages\/514\/revisions\/676"}],"wp:attachment":[{"href":"https:\/\/shop.haarstar-sabrina-peter.de\/index.php?rest_route=%2Fwp%2Fv2%2Fmedia&parent=514"}],"curies":[{"name":"wp","href":"https:\/\/api.w.org\/{rel}","templated":true}]}}