{"id":258,"date":"2022-11-25T14:13:28","date_gmt":"2022-11-25T14:13:28","guid":{"rendered":"https:\/\/shop.haarstar-sabrina-peter.de\/index.php\/agb\/"},"modified":"2023-02-07T08:30:45","modified_gmt":"2023-02-07T08:30:45","slug":"agb","status":"publish","type":"page","link":"https:\/\/shop.haarstar-sabrina-peter.de\/?page_id=258","title":{"rendered":"AGB"},"content":{"rendered":"\n<h1 class=\"wp-block-heading\">Allgemeine Gesch\u00e4ftsbedingungen<\/h1>\n\n\n\n<p><\/p>\n\n\n\n<p>Sarbina Peter<\/p>\n\n\n\n<p>Hauptstrasse 29<\/p>\n\n\n\n<p>32457 Porta Westfalica<\/p>\n\n\n\n<p>Deutschland<\/p>\n\n\n\n<p>Telefon: +49(0)571 70646<\/p>\n\n\n\n<p>E-Mail: haarstar@hotmail.de (nachfolgend: Anbieter) f\u00fcr den Verkauf von Produkten an und<\/p>\n\n\n\n<p>(nachfolgend: Kunden)<\/p>\n\n\n\n<h2 class=\"wp-block-heading\">Geltungsbereich<\/h2>\n\n\n\n<p>Der Verkauf der Produkte des Anbieters, die \u00fcber den Online-Shop unter der oben genannten URL angeboten werden, erfolgt ausschlie\u00dflich auf der Grundlage der nachfolgenden Allgemeinen Gesch\u00e4ftsbedingungen (AGB) in der zum Zeitpunkt des Vertragsschlusses g\u00fcltigen Fassung.<\/p>\n\n\n\n<p>Die vorliegenden AGB gelten ausschlie\u00dflich. Von diesen AGB abweichende Gesch\u00e4ftsbedingungen des Kunden gelten nicht, es sei denn, dass der Anbieter und der Kunde dies ausdr\u00fccklich vereinbart haben.<\/p>\n\n\n\n<p>Begriffsbestimmung, Eingrenzung<\/p>\n\n\n\n<p>Vertragsgegenstand ist die Einmallieferung von Waren .<\/p>\n\n\n\n<p>Vertragsschluss<\/p>\n\n\n\n<p>Die Angebote auf der Webseite des Anbieters stellen eine unverbindliche Aufforderung an den Kunden dar, Produkte ( Waren )zu bestellen. Durch das Absenden der Bestellung (Klick auf den Button \u201ejetzt kaufen\u201c ) auf der Webseite des Anbieters gibt der Kunde ein verbindliches Angebot auf einen Vertragsschluss ab.<\/p>\n\n\n\n<p>Die Best\u00e4tigung des Eingangs der Bestellung folgt unmittelbar nach dem Absenden der Bestellung und stellt grunds\u00e4tzlich noch keine Vertragsannahme dar. Der Anbieter kann die Annahme innerhalb von f\u00fcnf Tagen erkl\u00e4ren, indem er eine schriftliche Auftragsbest\u00e4tigung oder eine Auftragsbest\u00e4tigung in Textform (Fax oder E-Mail) \u00fcbermittelt, wobei insoweit der Zugang der Auftragsbest\u00e4tigung beim Kunden ma\u00dfgeblich ist, oder indem der<\/p>\n\n\n\n<p>Anbieter die bestellte Ware liefert, wobei insoweit der Zugang der Ware beim Kunden ma\u00dfgeblich ist, oder indem der Anbieter den Kunden nach Abgabe der Bestellung zur Zahlung auffordert. Liegen mehrere der vorgenannten Alternativen vor, kommt der Vertrag in dem Zeitpunkt zustande, in dem eine der vorgenannten Alternativen zuerst eintritt. Erkl\u00e4ret der Anbieter die Annahme innerhalb vorgenannter Frist nicht, so gilt dies als Ablehnung mit der Folge, dass der Kunde nicht mehr an seine Willenserkl\u00e4rung gebunden ist.<\/p>\n\n\n\n<p>Bei der Abgabe eines Angebots \u00fcber das Online-Bestellformular des Anbieters wird der Vertragstext vom Anbieter gespeichert und dem Kunden nach Absendung seiner Bestellung nebst den vorliegenden AGB in Textform (z.B. EMail, Fax oder Brief) zugeschickt.<\/p>\n\n\n\n<p>Vor verbindlicher Abgabe der Bestellung \u00fcber das Online-Bestellformular des Anbieters kann der Kunde seine Eingaben laufend \u00fcber die \u00fcblichen Tastatur- und Mausfunktionen korrigieren. Dar\u00fcber hinaus werden alle Eingaben vor der verbindlichen Abgabe der Bestellung noch einmal in einem Best\u00e4tigungsfenster angezeigt und k\u00f6nnen auch dort mittels der \u00fcblichen Tastatur- und Mausfunktionen korrigiert werden.<\/p>\n\n\n\n<p>F\u00fcr den Vertragsschluss steht ausschlie\u00dflich die deutsche Sprache zur Verf\u00fcgung.<\/p>\n\n\n\n<h2 class=\"wp-block-heading\">Einl\u00f6sung von Aktionsgutscheinen<\/h2>\n\n\n\n<p>Gutscheine, die vom Anbieter im Rahmen von Werbeaktionen mit einer bestimmten G\u00fcltigkeitsdauer unentgeltlich ausgegeben werden und die vom Kunden nicht k\u00e4uflich erworben werden k\u00f6nnen (nachfolgend &#8222;Aktionsgutscheine&#8220;), k\u00f6nnen nur auf der Webseite des Anbieters zu den entsprechenden Konditionen eingel\u00f6st werden.<\/p>\n\n\n\n<p>Aktionsgutscheine k\u00f6nnen nur von Verbrauchern eingel\u00f6st werden.<\/p>\n\n\n\n<p>Einzelne Produkte k\u00f6nnen von der Gutscheinaktion ausgeschlossen sein, sofern sich eine entsprechende Einschr\u00e4nkung aus dem Inhalt des Aktionsgutscheins ergibt.<\/p>\n\n\n\n<p>Reicht der Wert des Aktionsgutscheins zur Deckung der Bestellung nicht aus, kann zur Begleichung des Differenzbetrages eine der \u00fcbrigen vom Anbieter zur Verf\u00fcgung gestellten Zahlungsarten gew\u00e4hlt werden.<\/p>\n\n\n\n<p>Der Aktionsgutschein wird nicht erstattet, wenn der Kunde die mit dem Aktionsgutschein ganz oder teilweise bezahlte Ware im Rahmen seines gesetzlichen Widerrufsrechts zur\u00fcckgibt.<\/p>\n\n\n\n<p>Der Aktionsgutschein ist \u00fcbertragbar. Der Anbieter kann mit befreiender Wirkung an den jeweiligen Inhaber, der den Aktionsgutschein einl\u00f6st, leisten. Dies gilt nicht, wenn der Anbieter Kenntnis oder grob fahrl\u00e4ssige Unkenntnis von der Nichtberechtigung, der Gesch\u00e4ftsunf\u00e4higkeit oder der fehlenden Vertretungsberechtigung des jeweiligen Inhabers hat.<\/p>\n\n\n\n<h2 class=\"wp-block-heading\">Zahlung<\/h2>\n\n\n\n<p>Es gelten die zum Zeitpunkt der Bestellung auf der Website des Anbieters aufgef\u00fchrten Preise. Alle Preise gelten inklusive der gesetzlichen Mehrwertsteuer sowie zuz\u00fcglich der jeweils aufgef\u00fchrten Versandkosten.<\/p>\n\n\n\n<p>Es stehen die auf der Webseite des Anbieters aufgef\u00fchrten Zahlungsmethoden zur Verf\u00fcgung.<\/p>\n\n\n\n<p>Kommt der Kunde in Zahlungsverzug, ist der Anbieter berechtigt, und \u00fcber dem Basiszinssatz der Europ\u00e4ischen<\/p>\n\n\n\n<p>Zentralbank zu fordern. F\u00fcr den Fall, dass der Anbieter einen weiteren Verzugsschaden geltend macht, hat der Kunde die M\u00f6glichkeit nachzuweisen, dass der geltend gemachte Verzugsschaden \u00fcberhaupt nicht oder in geringerer H\u00f6he angefallen ist.<\/p>\n\n\n\n<h2 class=\"wp-block-heading\">Lieferung<\/h2>\n\n\n\n<p>Die Lieferfristen sind der Webseite des Anbieters zu entnehmen. Auf eventuell abweichende Lieferzeiten weist der Anbieter auf der jeweiligen Produktseite hin. Der Verk\u00e4ufer ist stehts bem\u00fcht die angegebenen Lieferzeiten einzuhalten. Diese sind jedoch nicht verbindlich. Der Beginn der vom Anbieter angegebenen Lieferzeit setzt die rechtzeitige und ordnungsgem\u00e4\u00dfe Erf\u00fcllung der Verpflichtungen des Kunden voraus, insbesondere die korrekte Angabe der Lieferadresse im Rahmen der Bestellung. Bei Verweigerugn der Lieferrungsannahme, inkorrekten Kundendaten oder Nichtabholung der Bestellung tr\u00e4gt der Kunde die Versandkosten.<\/p>\n\n\n\n<h2 class=\"wp-block-heading\">Umtausch<\/h2>\n\n\n\n<p>Ein Umtausch wird nicht angeboten. Bei fehlerhaft bestellter Ware beachten Sie bitte die Hinweise und Rahmenbedingungen der Widerrufsbelehrung. Die korrekte Ware kann anschlie\u00dfend \u00fcber den Online-Shop erworben werden.<\/p>\n\n\n\n<h2 class=\"wp-block-heading\">Gew\u00e4hrleistung<\/h2>\n\n\n\n<p>F\u00fcr alle Verkauften Produkte gilt die gesetzliche M\u00e4ngelhaftung. Produkte, welche ohne Zutun des Kunden m\u00e4ngelbehaftet sind, werden durch den Verk\u00e4ufer nachgebessert, ausgetauscht oder erstattet.<\/p>\n\n\n\n<p>Die Ware muss durch den Kunden vor Gebrauch auf M\u00e4ngel gepr\u00fcft werden. Im Falle Fehlerhafter Ware hat der Kunde das Recht, diese zur \u00dcberpr\u00fcfung einzusenden.<\/p>\n\n\n\n<p>Hiervon abweichend gilt bei Vertr\u00e4gen zur Lieferung von Extensions: Bei T\u00f6nung, F\u00e4rbung oder anderweitiger Behandlung der Produkte entf\u00e4llt die gesetzliche Gew\u00e4hrleistung. Dasselbe gilt f\u00fcr den Einsatz falscher Haarprodukte oder das Entfernen der Extensions. Beachten Sie hierzu die Pflegehinweise im Blog.<\/p>\n\n\n\n<p>Die vorstehend geregelten Haftungsbeschr\u00e4nkungen und Fristverk\u00fcrzungen gelten nicht f\u00fcr Schadensersatz- und Aufwendungsersatzanspr\u00fcche des Kunden f\u00fcr den Fall, dass der Anbieter den Mangel arglistig verschwiegen hat.<\/p>\n\n\n\n<h2 class=\"wp-block-heading\">Haftung<\/h2>\n\n\n\n<p>Der Anbieter haftet dem Kunden aus allen vertraglichen, vertrags\u00e4hnlichen und gesetzlichen, auch deliktischen Anspr\u00fcchen auf Schadens- und Aufwendungsersatz wie folgt:<\/p>\n\n\n\n<p>Der Anbieter haftet aus jedem Rechtsgrund uneingeschr\u00e4nkt bei Vorsatz oder grober Fahrl\u00e4ssigkeit, bei vors\u00e4tzlicher oder fahrl\u00e4ssiger Verletzung des Lebens, des K\u00f6rpers oder der Gesundheit, aufgrund eines Garantieversprechens, soweit diesbez\u00fcglich nichts Anderes geregelt ist oder aufgrund zwingender Haftung wie etwa nach dem Produkthaftungsgesetz.<\/p>\n\n\n\n<p>Verletzt der Anbieter fahrl\u00e4ssig eine wesentliche Vertragspflicht, ist die Haftung auf den vertragstypischen, vorhersehbaren Schaden begrenzt, sofern nicht gem\u00e4\u00df vorstehender Ziffer unbeschr\u00e4nkt gehaftet wird. Wesentliche Vertragspflichten sind Pflichten, die der Vertrag dem Anbieter nach seinem Inhalt zur Erreichung des Vertragszwecks auferlegt, deren Erf\u00fcllung die ordnungsgem\u00e4\u00dfe Durchf\u00fchrung des Vertrags \u00fcberhaupt erst erm\u00f6glicht und auf deren Einhaltung der Kunde regelm\u00e4\u00dfig vertrauen darf.<\/p>\n\n\n\n<p>Im \u00dcbrigen ist eine Haftung des Anbieters ausgeschlossen.<\/p>\n\n\n\n<p>Vorstehende Haftungsregelungen gelten auch im Hinblick auf die Haftung des Anbieters f\u00fcr seine Erf\u00fcllungsgehilfen und gesetzlichen Vertreter.<\/p>\n\n\n\n<p>Der Kunde stellt den Anbieter von jeglichen Anspr\u00fcchen Dritter \u2013 einschlie\u00dflich der Kosten f\u00fcr die Rechtsverteidigung in ihrer gesetzlichen H\u00f6he \u2013 frei, die gegen die Anbieter aufgrund von rechts- oder vertragswidrigen Handlungen des Kunden geltend gemacht werden.<\/p>\n\n\n\n<p>F\u00fcr Werbeaussagen, welche \u00fcber die verkauften Produkte von dritter Stelle ver\u00f6ffentlicht werden, besteht keine Haftung.<\/p>\n\n\n\n<p>Insbesondere in Bezug auf m\u00f6gliche Allergien und Unvertr\u00e4glichkeiten \u00fcbernimmt der Verk\u00e4ufer keine Haftung. Es obliegt der Pr\u00fcfung des Kunden solche vor Anwendung der erstandenen Produkte auszuschlie\u00dfen.<\/p>\n\n\n\n<p>Informationen zur Online-Streitbeilegung \/ Verbraucherschlichtung<\/p>\n\n\n\n<p>Die EU-Kommission stellt im Internet unter folgendem Link eine Plattform zur Online-Streitbeilegung bereit: https:\/\/ec.europa.eu\/consumers\/odr<\/p>\n\n\n\n<p>Diese Plattform dient als Anlaufstelle zur au\u00dfergerichtlichen Beilegung von Streitigkeiten aus Online-Kauf- oder Dienstleistungsvertr\u00e4gen, an denen ein Verbraucher beteiligt ist. Der Anbieter ist weder bereit noch verpflichtet an einem Verbraucherstreitschlichtungsverfahren nach dem VSBG teilzunehmen.<\/p>\n\n\n\n<h2 class=\"wp-block-heading\">Schlussbestimmungen<\/h2>\n\n\n\n<p>Anwendbar ist das Recht der Bundesrepublik Deutschland unter Ausschluss des UN-Kaufrechts.<\/p>\n\n\n\n<p>Ist der Kunde Kaufmann, juristische Person des \u00f6ffentlichen Rechts oder \u00f6ffentlich-rechtliches Sonderverm\u00f6gen, ist das Gericht am Sitz des Anbieters zust\u00e4ndig, sofern nicht f\u00fcr die Streitigkeit ein ausschlie\u00dflicher Gerichtsstand begr\u00fcndet ist. Dies gilt auch, wenn der Kunde keinen Wohnsitz innerhalb der Europ\u00e4ischen Union hat. Der Sitz des Anbieters ist der \u00dcberschrift dieser AGB zu entnehmen.<\/p>\n\n\n\n<p>Soweit eine Bestimmung dieses Vertrages ung\u00fcltig nicht durchsetzbar ist oder wird, bleiben die \u00fcbrigen Bestimmungen dieses Vertrages hiervon unber\u00fchrt.<\/p>\n\n\n\n<p>Stand: 13. Januar 2023<\/p>\n","protected":false},"excerpt":{"rendered":"<p>Allgemeine Gesch\u00e4ftsbedingungen Sarbina Peter Hauptstrasse 29 32457 Porta Westfalica Deutschland Telefon: +49(0)571 70646 E-Mail: haarstar@hotmail.de (nachfolgend: Anbieter) f\u00fcr den Verkauf von Produkten an und (nachfolgend: Kunden) Geltungsbereich Der Verkauf der Produkte des Anbieters, die \u00fcber den Online-Shop unter der oben genannten URL angeboten werden, erfolgt ausschlie\u00dflich auf der Grundlage der nachfolgenden Allgemeinen Gesch\u00e4ftsbedingungen (AGB) in&hellip;<\/p>\n","protected":false},"author":1,"featured_media":0,"parent":0,"menu_order":0,"comment_status":"closed","ping_status":"closed","template":"","meta":{"footnotes":""},"class_list":["post-258","page","type-page","status-publish","hentry"],"_links":{"self":[{"href":"https:\/\/shop.haarstar-sabrina-peter.de\/index.php?rest_route=\/wp\/v2\/pages\/258","targetHints":{"allow":["GET"]}}],"collection":[{"href":"https:\/\/shop.haarstar-sabrina-peter.de\/index.php?rest_route=\/wp\/v2\/pages"}],"about":[{"href":"https:\/\/shop.haarstar-sabrina-peter.de\/index.php?rest_route=\/wp\/v2\/types\/page"}],"author":[{"embeddable":true,"href":"https:\/\/shop.haarstar-sabrina-peter.de\/index.php?rest_route=\/wp\/v2\/users\/1"}],"replies":[{"embeddable":true,"href":"https:\/\/shop.haarstar-sabrina-peter.de\/index.php?rest_route=%2Fwp%2Fv2%2Fcomments&post=258"}],"version-history":[{"count":1,"href":"https:\/\/shop.haarstar-sabrina-peter.de\/index.php?rest_route=\/wp\/v2\/pages\/258\/revisions"}],"predecessor-version":[{"id":634,"href":"https:\/\/shop.haarstar-sabrina-peter.de\/index.php?rest_route=\/wp\/v2\/pages\/258\/revisions\/634"}],"wp:attachment":[{"href":"https:\/\/shop.haarstar-sabrina-peter.de\/index.php?rest_route=%2Fwp%2Fv2%2Fmedia&parent=258"}],"curies":[{"name":"wp","href":"https:\/\/api.w.org\/{rel}","templated":true}]}}