{"id":12,"date":"2020-07-14T12:51:15","date_gmt":"2020-07-14T12:51:15","guid":{"rendered":"https:\/\/restoration.fuelthemes.net\/?page_id=12"},"modified":"2022-12-05T15:31:16","modified_gmt":"2022-12-05T15:31:16","slug":"blog","status":"publish","type":"page","link":"https:\/\/shop.haarstar-sabrina-peter.de\/?page_id=12","title":{"rendered":"Aktuelle Themen"},"content":{"rendered":"\n<p><\/p>\n\n\n\n<div class=\"wp-block-query is-layout-flow wp-block-query-is-layout-flow\"><ul class=\"is-flex-container columns-2 wp-block-post-template is-layout-flow wp-block-post-template-is-layout-flow\"><li class=\"wp-block-post post-668 post type-post status-publish format-standard has-post-thumbnail hentry category-ernaehrung category-pflege category-styling\">\n<h2 class=\"wp-block-post-title\"><a href=\"https:\/\/shop.haarstar-sabrina-peter.de\/?p=668\" target=\"_self\" >8 Tipps f\u00fcr gesunde Haare<\/a><\/h2>\n\n<figure class=\"alignwide wp-block-post-featured-image\"><a href=\"https:\/\/shop.haarstar-sabrina-peter.de\/?p=668\" target=\"_self\"  ><img loading=\"lazy\" decoding=\"async\" width=\"300\" height=\"195\" src=\"https:\/\/shop.haarstar-sabrina-peter.de\/wp-content\/uploads\/2022\/12\/haarstar-shop-blog-04-tipps-gesunde-haare.jpg\" class=\"attachment-medium size-medium wp-post-image\" alt=\"8 Tipps f\u00fcr gesunde Haare\" style=\"object-fit:cover;\" srcset=\"https:\/\/shop.haarstar-sabrina-peter.de\/wp-content\/uploads\/2022\/12\/haarstar-shop-blog-04-tipps-gesunde-haare.jpg 300w, https:\/\/shop.haarstar-sabrina-peter.de\/wp-content\/uploads\/2022\/12\/haarstar-shop-blog-04-tipps-gesunde-haare-20x12.jpg 20w, https:\/\/shop.haarstar-sabrina-peter.de\/wp-content\/uploads\/2022\/12\/haarstar-shop-blog-04-tipps-gesunde-haare-290x188.jpg 290w\" sizes=\"auto, (max-width: 300px) 100vw, 300px\" \/><\/a><\/figure>\n\n<div class=\"wp-block-post-excerpt\"><p class=\"wp-block-post-excerpt__excerpt\">Gesunde Haare sind ein wichtiges Merkmal f\u00fcr unser Erscheinungsbild und unser Selbstbewusstsein. Es gibt jedoch viele Faktoren, die unsere Haare negativ beeinflussen k\u00f6nnen, wie beispielsweise Styling-Produkte, Umweltverschmutzung, falsche Ern\u00e4hrung und Stress. In diesem Artikel werden wir einige Tipps vorstellen, die Ihnen helfen k\u00f6nnen, gesunde und gl\u00e4nzende Haare zu bekommen. Abgestimmte Shampoos verwenden Die Wahl des<\/p><p class=\"wp-block-post-excerpt__more-text\"><a class=\"wp-block-post-excerpt__more-link\" href=\"https:\/\/shop.haarstar-sabrina-peter.de\/?p=668\">weiterlesen<\/a><\/p><\/div>\n\n\n<hr class=\"wp-block-separator has-css-opacity\"\/>\n\n\n<div class=\"wp-block-post-date\"><time datetime=\"2023-03-23T11:05:21+00:00\">M\u00e4rz 23, 2023<\/time><\/div>\n<\/li><li class=\"wp-block-post post-666 post type-post status-publish format-standard has-post-thumbnail hentry category-pflege\">\n<h2 class=\"wp-block-post-title\"><a href=\"https:\/\/shop.haarstar-sabrina-peter.de\/?p=666\" target=\"_self\" >Warum sollte auf Silikone verzichtet werden?<\/a><\/h2>\n\n<figure class=\"alignwide wp-block-post-featured-image\"><a href=\"https:\/\/shop.haarstar-sabrina-peter.de\/?p=666\" target=\"_self\"  ><img loading=\"lazy\" decoding=\"async\" width=\"300\" height=\"195\" src=\"https:\/\/shop.haarstar-sabrina-peter.de\/wp-content\/uploads\/2022\/12\/haarstar-shop-blog-02-keine-silikone.jpg\" class=\"attachment-medium size-medium wp-post-image\" alt=\"Warum sollte auf Silikone verzichtet werden?\" style=\"object-fit:cover;\" srcset=\"https:\/\/shop.haarstar-sabrina-peter.de\/wp-content\/uploads\/2022\/12\/haarstar-shop-blog-02-keine-silikone.jpg 300w, https:\/\/shop.haarstar-sabrina-peter.de\/wp-content\/uploads\/2022\/12\/haarstar-shop-blog-02-keine-silikone-20x12.jpg 20w, https:\/\/shop.haarstar-sabrina-peter.de\/wp-content\/uploads\/2022\/12\/haarstar-shop-blog-02-keine-silikone-290x188.jpg 290w\" sizes=\"auto, (max-width: 300px) 100vw, 300px\" \/><\/a><\/figure>\n\n<div class=\"wp-block-post-excerpt\"><p class=\"wp-block-post-excerpt__excerpt\">Silikone lagern sich auf Haut und Haar, die Folge ist, dass das Haar schneller fettet. Dadurch kann das T\u00f6nen und F\u00e4rben schwieriger werden. Die Silikone legen sich auf das Haar und verschlie\u00dfen es, somit macht es das Haar im ersten Moment weich und k\u00e4mmbar. Nur baut es das Haar leider nicht auf, sondern verstopft es,<\/p><p class=\"wp-block-post-excerpt__more-text\"><a class=\"wp-block-post-excerpt__more-link\" href=\"https:\/\/shop.haarstar-sabrina-peter.de\/?p=666\">weiterlesen<\/a><\/p><\/div>\n\n\n<hr class=\"wp-block-separator has-css-opacity\"\/>\n\n\n<div class=\"wp-block-post-date\"><time datetime=\"2023-03-23T10:12:07+00:00\">M\u00e4rz 23, 2023<\/time><\/div>\n<\/li><li class=\"wp-block-post post-594 post type-post status-publish format-standard has-post-thumbnail hentry category-pflege\">\n<h2 class=\"wp-block-post-title\"><a href=\"https:\/\/shop.haarstar-sabrina-peter.de\/?p=594\" target=\"_self\" >Was sind Parabene und warum sollte ich besser darauf verzichten?<\/a><\/h2>\n\n<figure class=\"alignwide wp-block-post-featured-image\"><a href=\"https:\/\/shop.haarstar-sabrina-peter.de\/?p=594\" target=\"_self\"  ><img loading=\"lazy\" decoding=\"async\" width=\"300\" height=\"195\" src=\"https:\/\/shop.haarstar-sabrina-peter.de\/wp-content\/uploads\/2022\/12\/haarstar-shop-blog-03-keine-parabene.jpg\" class=\"attachment-medium size-medium wp-post-image\" alt=\"Was sind Parabene und warum sollte ich besser darauf verzichten?\" style=\"object-fit:cover;\" srcset=\"https:\/\/shop.haarstar-sabrina-peter.de\/wp-content\/uploads\/2022\/12\/haarstar-shop-blog-03-keine-parabene.jpg 300w, https:\/\/shop.haarstar-sabrina-peter.de\/wp-content\/uploads\/2022\/12\/haarstar-shop-blog-03-keine-parabene-20x12.jpg 20w, https:\/\/shop.haarstar-sabrina-peter.de\/wp-content\/uploads\/2022\/12\/haarstar-shop-blog-03-keine-parabene-290x188.jpg 290w\" sizes=\"auto, (max-width: 300px) 100vw, 300px\" \/><\/a><\/figure>\n\n<div class=\"wp-block-post-excerpt\"><p class=\"wp-block-post-excerpt__excerpt\">Parabene sind Konservierungsstoffe und werden h\u00e4ufig f\u00fcr Kosmetikprodukte und Medikamente verwendet. Diese sch\u00fctzen die Produkte vor Bakterien und Schimmelbildung und machen sie l\u00e4nger haltbar. Du findest Parabene in Duschgels, Shampoos oder Conditioner und sogar in Zahncremes. Dieser beliebte Konservierungsstoff steht allerdings in Verdacht, Allergien und Krebs ausl\u00f6sen zu k\u00f6nnen. Auch unser Hormonsystem kann durch die<\/p><p class=\"wp-block-post-excerpt__more-text\"><a class=\"wp-block-post-excerpt__more-link\" href=\"https:\/\/shop.haarstar-sabrina-peter.de\/?p=594\">weiterlesen<\/a><\/p><\/div>\n\n\n<hr class=\"wp-block-separator has-css-opacity\"\/>\n\n\n<div class=\"wp-block-post-date\"><time datetime=\"2022-12-05T15:29:02+00:00\">Dezember 5, 2022<\/time><\/div>\n<\/li><\/ul><\/div>\n\n\n\n<style>\n.wp-block-post-template.is-flex-container {\n  flex-direction: row;\n  display: flex;\n  flex-wrap: wrap;\n  gap: 5.25em;\n}\n.wp-block-post-template.is-flex-container.is-flex-container.columns-2 > li {\n  width: calc(50% - 2.625em);\n}\n.wp-block-post-excerpt__more-link {\n  background-color: #f5a5bf;\n  color: #fff;\n  padding: 5px 10px;\n  border-radius: 10px;\n}\n<\/style>\n","protected":false},"excerpt":{"rendered":"","protected":false},"author":1,"featured_media":0,"parent":0,"menu_order":0,"comment_status":"closed","ping_status":"closed","template":"template-pagetitle-sidebar.php","meta":{"footnotes":""},"class_list":["post-12","page","type-page","status-publish","hentry"],"_links":{"self":[{"href":"https:\/\/shop.haarstar-sabrina-peter.de\/index.php?rest_route=\/wp\/v2\/pages\/12","targetHints":{"allow":["GET"]}}],"collection":[{"href":"https:\/\/shop.haarstar-sabrina-peter.de\/index.php?rest_route=\/wp\/v2\/pages"}],"about":[{"href":"https:\/\/shop.haarstar-sabrina-peter.de\/index.php?rest_route=\/wp\/v2\/types\/page"}],"author":[{"embeddable":true,"href":"https:\/\/shop.haarstar-sabrina-peter.de\/index.php?rest_route=\/wp\/v2\/users\/1"}],"replies":[{"embeddable":true,"href":"https:\/\/shop.haarstar-sabrina-peter.de\/index.php?rest_route=%2Fwp%2Fv2%2Fcomments&post=12"}],"version-history":[{"count":11,"href":"https:\/\/shop.haarstar-sabrina-peter.de\/index.php?rest_route=\/wp\/v2\/pages\/12\/revisions"}],"predecessor-version":[{"id":627,"href":"https:\/\/shop.haarstar-sabrina-peter.de\/index.php?rest_route=\/wp\/v2\/pages\/12\/revisions\/627"}],"wp:attachment":[{"href":"https:\/\/shop.haarstar-sabrina-peter.de\/index.php?rest_route=%2Fwp%2Fv2%2Fmedia&parent=12"}],"curies":[{"name":"wp","href":"https:\/\/api.w.org\/{rel}","templated":true}]}}